{"id":79,"date":"2021-01-14T15:32:31","date_gmt":"2021-01-14T12:32:31","guid":{"rendered":"http:\/\/korporativ.testovik.site\/?page_id=79"},"modified":"2021-02-04T19:58:10","modified_gmt":"2021-02-04T16:58:10","slug":"our-strengths","status":"publish","type":"page","link":"https:\/\/thea.ua\/en\/group\/our-strengths\/","title":{"rendered":"Our strengths"},"content":{"rendered":"<p><\/p>\n<p class=\"texte-parag\">Our speciality: ophthalmology.<\/p>\n<p>The Chibret family has dedicated itself to ophthalmology for several generations. Henri and Jean-Fr\u00e9d\u00e9ric Chibret, executive shareholders, are in permanent contact with ophthalmologists all over the world.<\/p>\n<p>So, Th\u00e9a is a combination of know-how and techniques that constitutes its intangible living capital. Today, as yesterday, Th\u00e9a is turned towards the future.<\/p>\n<p><sup><em>On the photo : Henri and Jean-Fr\u00e9d\u00e9ric Chibret<\/em><\/sup><\/p>","protected":false},"excerpt":{"rendered":"<p>Our speciality: ophthalmology. The Chibret family has dedicated itself to ophthalmology for several generations. Henri and Jean-Fr\u00e9d\u00e9ric Chibret, executive shareholders, are in permanent contact with ophthalmologists all over the world. So, Th\u00e9a is a combination of know-how and techniques that constitutes its intangible living capital. Today, as yesterday, Th\u00e9a is turned towards the future. On &hellip; <\/p>\n<p class=\"link-more\"><a href=\"https:\/\/thea.ua\/en\/group\/our-strengths\/\" class=\"more-link\">Continue reading<span class=\"screen-reader-text\"> &#8220;Our strengths&#8221;<\/span><\/a><\/p>\n","protected":false},"author":1,"featured_media":41,"parent":35,"menu_order":0,"comment_status":"closed","ping_status":"closed","template":"group-page.php","meta":{"footnotes":""},"class_list":["post-79","page","type-page","status-publish","has-post-thumbnail","hentry"],"_links":{"self":[{"href":"https:\/\/thea.ua\/en\/wp-json\/wp\/v2\/pages\/79","targetHints":{"allow":["GET"]}}],"collection":[{"href":"https:\/\/thea.ua\/en\/wp-json\/wp\/v2\/pages"}],"about":[{"href":"https:\/\/thea.ua\/en\/wp-json\/wp\/v2\/types\/page"}],"author":[{"embeddable":true,"href":"https:\/\/thea.ua\/en\/wp-json\/wp\/v2\/users\/1"}],"replies":[{"embeddable":true,"href":"https:\/\/thea.ua\/en\/wp-json\/wp\/v2\/comments?post=79"}],"version-history":[{"count":8,"href":"https:\/\/thea.ua\/en\/wp-json\/wp\/v2\/pages\/79\/revisions"}],"predecessor-version":[{"id":724,"href":"https:\/\/thea.ua\/en\/wp-json\/wp\/v2\/pages\/79\/revisions\/724"}],"up":[{"embeddable":true,"href":"https:\/\/thea.ua\/en\/wp-json\/wp\/v2\/pages\/35"}],"wp:featuredmedia":[{"embeddable":true,"href":"https:\/\/thea.ua\/en\/wp-json\/wp\/v2\/media\/41"}],"wp:attachment":[{"href":"https:\/\/thea.ua\/en\/wp-json\/wp\/v2\/media?parent=79"}],"curies":[{"name":"wp","href":"https:\/\/api.w.org\/{rel}","templated":true}]}}