{"id":590,"date":"2021-01-31T17:20:37","date_gmt":"2021-01-31T14:20:37","guid":{"rendered":"http:\/\/korporativ.testovik.site\/?page_id=590"},"modified":"2021-01-31T17:22:00","modified_gmt":"2021-01-31T14:22:00","slug":"ateliers-pratiques-de-dry-lab-sur-la-chirurgie-du-glaucome","status":"publish","type":"page","link":"https:\/\/thea.ua\/en\/ateliers-pratiques-de-dry-lab-sur-la-chirurgie-du-glaucome\/","title":{"rendered":"Ateliers pratiques de Dry Lab sur la chirurgie du glaucome"},"content":{"rendered":"<p><\/p>\n<div>\n<p>L&#8217;\u00e9ducation et le partage des connaissances ont toujours \u00e9t\u00e9 une tradition importante pour la famille Chibret. Au cours 14<sup>\u00e8me<\/sup> \u00ab&nbsp;EGS Resident Course&nbsp;\u00bb qui s\u2019est tenu du 18 au 19 septembre 2020 \u00e0 Lisbonne, les Laboratoires Th\u00e9a ont support\u00e9 l\u2019organisation des ateliers de DryLab d\u00e9di\u00e9s aux jeunes ophtalmologistes. Ces Drylab ont \u00e9t\u00e9 pr\u00e9sid\u00e9s par le Pr. Luis PINTO ABEGAO et le Dr. Gordana SUNARIC avec \u00e9galement le concours du Pr. Joao BARBOSA BREDA, du Dr. Gauti JOHANESSON et du Dr. Marta PAZOS.<\/p>\n<p>Partenaire pharmaceutique des chirurgiens, Th\u00e9a soutient depuis de nombreuses ann\u00e9es la formation pour les YOs en leur offrant la possibilit\u00e9 de d\u00e9velopper leur expertise m\u00e9dicale mais aussi d&#8217;am\u00e9liorer leurs comp\u00e9tences en chirurgie via des ateliers sp\u00e9cifiques tels que&nbsp;: &#8220;Dry Lab by Th\u00e9a&#8221;.<\/p>\n<p>Les \u00ab&nbsp;Dry Lab by Th\u00e9a&nbsp;\u00bb ont suscit\u00e9 un grand int\u00e9r\u00eat aupr\u00e8s de l\u2019ensemble des participants. Pr\u00e8s de 60 jeunes ophtalmologistes de toute l\u2019Europe ont particip\u00e9 \u00e0 cet \u00e9v\u00e9nement.<\/p>\n<p>Cette activit\u00e9 s\u2019inscrit dans la continuit\u00e9 d\u2019activit\u00e9s et d\u2019un programme complet d\u00e9di\u00e9es&nbsp; aux jeunes ophtalmologistes mise en place \u00e0 l\u2019\u00e9chelle nationale et internationale.<\/p>\n<\/div>\n<p>&nbsp;<\/p>\n<p><img decoding=\"async\" alt=\"\" src=\"\/medias\/img_6271_2.jpg\" style=\"width: 600px; height: 450px; display: block; margin-left: auto; margin-right: auto;\" \/><\/p>\n<p><\/p>","protected":false},"excerpt":{"rendered":"<p>L&#8217;\u00e9ducation et le partage des connaissances ont toujours \u00e9t\u00e9 une tradition importante pour la famille Chibret. Au cours 14\u00e8me \u00ab&nbsp;EGS Resident Course&nbsp;\u00bb qui s\u2019est tenu du 18 au 19 septembre 2020 \u00e0 Lisbonne, les Laboratoires Th\u00e9a ont support\u00e9 l\u2019organisation des ateliers de DryLab d\u00e9di\u00e9s aux jeunes ophtalmologistes. Ces Drylab ont \u00e9t\u00e9 pr\u00e9sid\u00e9s par le Pr. &hellip; <\/p>\n<p class=\"link-more\"><a href=\"https:\/\/thea.ua\/en\/ateliers-pratiques-de-dry-lab-sur-la-chirurgie-du-glaucome\/\" class=\"more-link\">Continue reading<span class=\"screen-reader-text\"> &#8220;Ateliers pratiques de Dry Lab sur la chirurgie du glaucome&#8221;<\/span><\/a><\/p>\n","protected":false},"author":1,"featured_media":0,"parent":0,"menu_order":0,"comment_status":"closed","ping_status":"closed","template":"group-page.php","meta":{"footnotes":""},"class_list":["post-590","page","type-page","status-publish","hentry"],"_links":{"self":[{"href":"https:\/\/thea.ua\/en\/wp-json\/wp\/v2\/pages\/590","targetHints":{"allow":["GET"]}}],"collection":[{"href":"https:\/\/thea.ua\/en\/wp-json\/wp\/v2\/pages"}],"about":[{"href":"https:\/\/thea.ua\/en\/wp-json\/wp\/v2\/types\/page"}],"author":[{"embeddable":true,"href":"https:\/\/thea.ua\/en\/wp-json\/wp\/v2\/users\/1"}],"replies":[{"embeddable":true,"href":"https:\/\/thea.ua\/en\/wp-json\/wp\/v2\/comments?post=590"}],"version-history":[{"count":3,"href":"https:\/\/thea.ua\/en\/wp-json\/wp\/v2\/pages\/590\/revisions"}],"predecessor-version":[{"id":593,"href":"https:\/\/thea.ua\/en\/wp-json\/wp\/v2\/pages\/590\/revisions\/593"}],"wp:attachment":[{"href":"https:\/\/thea.ua\/en\/wp-json\/wp\/v2\/media?parent=590"}],"curies":[{"name":"wp","href":"https:\/\/api.w.org\/{rel}","templated":true}]}}