{"id":557,"date":"2021-01-21T14:43:09","date_gmt":"2021-01-21T11:43:09","guid":{"rendered":"http:\/\/korporativ.testovik.site\/?page_id=557"},"modified":"2021-04-17T13:37:47","modified_gmt":"2021-04-17T10:37:47","slug":"official-opening-thea-office-ukraine","status":"publish","type":"page","link":"https:\/\/thea.ua\/en\/official-opening-thea-office-ukraine\/","title":{"rendered":"Official opening of the Th\u00e9a office in Ukraine"},"content":{"rendered":"<p><\/p>\n<p><img decoding=\"async\" style=\"height: 200px; width: 300px; float: left; margin: 10px;\" src=\"\/medias\/ukraine_ambassadrice_jfc.jpg\" alt=\"\" \/><br \/>\n<strong>The official opening ceremony of Ukrainian Laboratoires Th\u00e9a Representative office took place in the center of Kiev, in an art gallery with the sound of the string quartet on March 22, 2016.<\/strong><\/p>\n<p>&nbsp;<\/p>\n<p>The Ambassador of France in Ukraine, Isabelle Dumont, Prof. Vitovska, the Head of Ukrainian ophthalmologists and Jean-Fr\u00e9d\u00e9ric opened the new Th\u00e9a office with their speeches.<\/p>\n<p>&nbsp;<\/p>\n<p>The\u00a0day after, the Kiev Ophthalmologic Society took place, where Jean-Fr\u00e9d\u00e9ric held a presentation as guest speaker.<\/p>\n<p>Ukrainians are very glad that Th\u00e9a decided to set foot in their country\u00a0despite the\u00a0difficult time economic environment in Ukraine.<\/p>\n<p>The Th\u00e9a Ukraine office consists of 8 members, and thanks to them, patients and ophthalmologists will\u00a0now access to the latest Th\u00e9a developments in eye health.<\/p>\n<p class=\"Pa28\" style=\"text-align: justify; margin: 0cm 0cm 2pt;\">\u00a0<img decoding=\"async\" style=\"height: 182px; width: 266px; float: right; margin: 10px;\" src=\"\/medias\/ukraine_office_team.jpg\" alt=\"\" \/><img decoding=\"async\" style=\"height: 183px; width: 270px; float: left; margin: 10px;\" src=\"\/medias\/ukraine_managing_team_jfc_0.jpg\" alt=\"\" \/><\/p>\n<p>&nbsp;<\/p>\n<p>&#8212;&#8212;&#8212;&#8212;&#8212;&#8212;&#8212;&#8212;&#8212;&#8212;<\/p>\n<p><em>About Laboratoires Th\u00e9a <\/em><\/p>\n<p>Th\u00e9a is an independent pharmaceutical company specialized in the research, development and commercialization of eye-care products.<\/p>\n<p><a href=\"http:\/\/www.laboratoires-thea.com\"><span style=\"color: #0066cc;\">www.laboratoires-thea.com<\/span><\/a><\/p>\n<p><img decoding=\"async\" style=\"height: 200px; width: 300px; float: left; margin: 10px;\" src=\"\/medias\/ukraine_ambassadrice_jfc.jpg\" alt=\"\" \/><br \/>\n<strong>The official opening ceremony of Ukrainian Laboratoires Th\u00e9a Representative office took place in the center of Kiev, in an art gallery with the sound of the string quartet on March 22, 2016.<\/strong><\/p>\n<p>&nbsp;<\/p>\n<p>The Ambassador of France in Ukraine, Isabelle Dumont, Prof. Vitovska, the Head of Ukrainian ophthalmologists and Jean-Fr\u00e9d\u00e9ric opened the new Th\u00e9a office with their speeches.<\/p>\n<p>&nbsp;<\/p>\n<p>The\u00a0day after, the Kiev Ophthalmologic Society took place, where Jean-Fr\u00e9d\u00e9ric held a presentation as guest speaker.<\/p>\n<p>Ukrainians are very glad that Th\u00e9a decided to set foot in their country\u00a0despite the\u00a0difficult time economic environment in Ukraine.<\/p>\n<p>The Th\u00e9a Ukraine office consists of 8 members, and thanks to them, patients and ophthalmologists will\u00a0now access to the latest Th\u00e9a developments in eye health.<\/p>\n<p class=\"Pa28\" style=\"text-align: justify; margin: 0cm 0cm 2pt;\">\u00a0<img decoding=\"async\" style=\"height: 182px; width: 266px; float: right; margin: 10px;\" src=\"\/medias\/ukraine_office_team.jpg\" alt=\"\" \/><img decoding=\"async\" style=\"height: 183px; width: 270px; float: left; margin: 10px;\" src=\"\/medias\/ukraine_managing_team_jfc_0.jpg\" alt=\"\" \/><\/p>\n<p>&nbsp;<\/p>\n<p>&#8212;&#8212;&#8212;&#8212;&#8212;&#8212;&#8212;&#8212;&#8212;&#8212;<\/p>\n<p><em>About Laboratoires Th\u00e9a <\/em><\/p>\n<p>Th\u00e9a is an independent pharmaceutical company specialized in the research, development and commercialization of eye-care products.<\/p>\n<p><a href=\"http:\/\/www.laboratoires-thea.com\"><span style=\"color: #0066cc;\">www.laboratoires-thea.com<\/span><\/a><\/p>\n<p><img decoding=\"async\" style=\"height: 200px; width: 300px; float: left; margin: 10px;\" src=\"\/medias\/ukraine_ambassadrice_jfc.jpg\" alt=\"\" \/><br \/>\n<strong>The official opening ceremony of Ukrainian Laboratoires Th\u00e9a Representative office took place in the center of Kiev, in an art gallery with the sound of the string quartet on March 22, 2016.<\/strong><\/p>\n<p>&nbsp;<\/p>\n<p>The Ambassador of France in Ukraine, Isabelle Dumont, Prof. Vitovska, the Head of Ukrainian ophthalmologists and Jean-Fr\u00e9d\u00e9ric opened the new Th\u00e9a office with their speeches.<\/p>\n<p>&nbsp;<\/p>\n<p>The\u00a0day after, the Kiev Ophthalmologic Society took place, where Jean-Fr\u00e9d\u00e9ric held a presentation as guest speaker.<\/p>\n<p>Ukrainians are very glad that Th\u00e9a decided to set foot in their country\u00a0despite the\u00a0difficult time economic environment in Ukraine.<\/p>\n<p>The Th\u00e9a Ukraine office consists of 8 members, and thanks to them, patients and ophthalmologists will\u00a0now access to the latest Th\u00e9a developments in eye health.<\/p>\n<p class=\"Pa28\" style=\"text-align: justify; margin: 0cm 0cm 2pt;\">\u00a0<img decoding=\"async\" style=\"height: 182px; width: 266px; float: right; margin: 10px;\" src=\"\/medias\/ukraine_office_team.jpg\" alt=\"\" \/><img decoding=\"async\" style=\"height: 183px; width: 270px; float: left; margin: 10px;\" src=\"\/medias\/ukraine_managing_team_jfc_0.jpg\" alt=\"\" \/><\/p>\n<p>&nbsp;<\/p>\n<p>&#8212;&#8212;&#8212;&#8212;&#8212;&#8212;&#8212;&#8212;&#8212;&#8212;<\/p>\n<p><em>About Laboratoires Th\u00e9a <\/em><\/p>\n<p>Th\u00e9a is an independent pharmaceutical company specialized in the research, development and commercialization of eye-care products.<\/p>\n<p><a href=\"http:\/\/www.laboratoires-thea.com\"><span style=\"color: #0066cc;\">www.laboratoires-thea.com<\/span><\/a>&nbsp;<\/p>\n<p><img decoding=\"async\" style=\"height: 200px; width: 300px; float: left; margin: 10px;\" src=\"\/medias\/ukraine_ambassadrice_jfc.jpg\" alt=\"\" \/><br \/>\n<strong>The official opening ceremony of Ukrainian Laboratoires Th\u00e9a Representative office took place in the center of Kiev, in an art gallery with the sound of the string quartet on March 22, 2016.<\/strong><\/p>\n<p>&nbsp;<\/p>\n<p>The Ambassador of France in Ukraine, Isabelle Dumont, Prof. Vitovska, the Head of Ukrainian ophthalmologists and Jean-Fr\u00e9d\u00e9ric opened the new Th\u00e9a office with their speeches.<\/p>\n<p>&nbsp;<\/p>\n<p>The\u00a0day after, the Kiev Ophthalmologic Society took place, where Jean-Fr\u00e9d\u00e9ric held a presentation as guest speaker.<\/p>\n<p>Ukrainians are very glad that Th\u00e9a decided to set foot in their country\u00a0despite the\u00a0difficult time economic environment in Ukraine.<\/p>\n<p>The Th\u00e9a Ukraine office consists of 8 members, and thanks to them, patients and ophthalmologists will\u00a0now access to the latest Th\u00e9a developments in eye health.<\/p>\n<p class=\"Pa28\" style=\"text-align: justify; margin: 0cm 0cm 2pt;\">\u00a0<img decoding=\"async\" style=\"height: 182px; width: 266px; float: right; margin: 10px;\" src=\"\/medias\/ukraine_office_team.jpg\" alt=\"\" \/><img decoding=\"async\" style=\"height: 183px; width: 270px; float: left; margin: 10px;\" src=\"\/medias\/ukraine_managing_team_jfc_0.jpg\" alt=\"\" \/><\/p>\n<p>&nbsp;<\/p>\n<p>&#8212;&#8212;&#8212;&#8212;&#8212;&#8212;&#8212;&#8212;&#8212;&#8212;<\/p>\n<p><em>About Laboratoires Th\u00e9a <\/em><\/p>\n<p>Th\u00e9a is an independent pharmaceutical company specialized in the research, development and commercialization of eye-care products.<\/p>\n<p><a href=\"http:\/\/www.laboratoires-thea.com\"><span style=\"color: #0066cc;\">www.laboratoires-thea.com<\/span><\/a><\/p>","protected":false},"excerpt":{"rendered":"<p>The official opening ceremony of Ukrainian Laboratoires Th\u00e9a Representative office took place in the center of Kiev, in an art gallery with the sound of the string quartet on March 22, 2016. &nbsp; The Ambassador of France in Ukraine, Isabelle Dumont, Prof. Vitovska, the Head of Ukrainian ophthalmologists and Jean-Fr\u00e9d\u00e9ric opened the new Th\u00e9a office &hellip; <\/p>\n<p class=\"link-more\"><a href=\"https:\/\/thea.ua\/en\/official-opening-thea-office-ukraine\/\" class=\"more-link\">Continue reading<span class=\"screen-reader-text\"> &#8220;Official opening of the Th\u00e9a office in Ukraine&#8221;<\/span><\/a><\/p>\n","protected":false},"author":1,"featured_media":0,"parent":0,"menu_order":0,"comment_status":"closed","ping_status":"closed","template":"group-page.php","meta":{"footnotes":""},"class_list":["post-557","page","type-page","status-publish","hentry"],"_links":{"self":[{"href":"https:\/\/thea.ua\/en\/wp-json\/wp\/v2\/pages\/557","targetHints":{"allow":["GET"]}}],"collection":[{"href":"https:\/\/thea.ua\/en\/wp-json\/wp\/v2\/pages"}],"about":[{"href":"https:\/\/thea.ua\/en\/wp-json\/wp\/v2\/types\/page"}],"author":[{"embeddable":true,"href":"https:\/\/thea.ua\/en\/wp-json\/wp\/v2\/users\/1"}],"replies":[{"embeddable":true,"href":"https:\/\/thea.ua\/en\/wp-json\/wp\/v2\/comments?post=557"}],"version-history":[{"count":17,"href":"https:\/\/thea.ua\/en\/wp-json\/wp\/v2\/pages\/557\/revisions"}],"predecessor-version":[{"id":1050,"href":"https:\/\/thea.ua\/en\/wp-json\/wp\/v2\/pages\/557\/revisions\/1050"}],"wp:attachment":[{"href":"https:\/\/thea.ua\/en\/wp-json\/wp\/v2\/media?parent=557"}],"curies":[{"name":"wp","href":"https:\/\/api.w.org\/{rel}","templated":true}]}}